{"id":1110,"date":"2022-06-20T18:19:14","date_gmt":"2022-06-20T18:19:14","guid":{"rendered":"https:\/\/rc-oranien-raptors.de\/?page_id=1110"},"modified":"2025-11-11T11:52:08","modified_gmt":"2025-11-11T11:52:08","slug":"impressum","status":"publish","type":"page","link":"https:\/\/rc-oranien-raptors.de\/en\/impressum\/","title":{"rendered":"Imprint"},"content":{"rendered":"<div data-elementor-type=\"wp-page\" data-elementor-id=\"1110\" class=\"elementor elementor-1110\" data-elementor-post-type=\"page\">\n\t\t\t\t\t\t<section class=\"elementor-section elementor-top-section elementor-element elementor-element-186179f elementor-section-full_width elementor-section-height-default elementor-section-height-default\" data-id=\"186179f\" data-element_type=\"section\" data-settings=\"{&quot;background_background&quot;:&quot;classic&quot;}\">\n\t\t\t\t\t\t\t<div class=\"elementor-background-overlay\"><\/div>\n\t\t\t\t\t\t\t<div class=\"elementor-container elementor-column-gap-default\">\n\t\t\t\t\t<div class=\"elementor-column elementor-col-100 elementor-top-column elementor-element elementor-element-590bf45\" data-id=\"590bf45\" data-element_type=\"column\">\n\t\t\t<div class=\"elementor-widget-wrap elementor-element-populated\">\n\t\t\t\t\t\t<div class=\"elementor-element elementor-element-a7a6d62 elementor-widget elementor-widget-heading\" data-id=\"a7a6d62\" data-element_type=\"widget\" data-widget_type=\"heading.default\">\n\t\t\t\t<div class=\"elementor-widget-container\">\n\t\t\t\t\t<h1 class=\"elementor-heading-title elementor-size-default\">Imprint<\/h1>\t\t\t\t<\/div>\n\t\t\t\t<\/div>\n\t\t\t\t\t<\/div>\n\t\t<\/div>\n\t\t\t\t\t<\/div>\n\t\t<\/section>\n\t\t\t\t<section class=\"elementor-section elementor-top-section elementor-element elementor-element-122ae6e elementor-section-boxed elementor-section-height-default elementor-section-height-default\" data-id=\"122ae6e\" data-element_type=\"section\" data-settings=\"{&quot;shape_divider_bottom&quot;:&quot;tilt&quot;}\">\n\t\t\t\t\t<div class=\"elementor-shape elementor-shape-bottom\" aria-hidden=\"true\" data-negative=\"false\">\n\t\t\t<svg xmlns=\"http:\/\/www.w3.org\/2000\/svg\" viewbox=\"0 0 1000 100\" preserveaspectratio=\"none\">\n\t<path class=\"elementor-shape-fill\" d=\"M0,6V0h1000v100L0,6z\"\/>\n<\/svg>\t\t<\/div>\n\t\t\t\t\t<div class=\"elementor-container elementor-column-gap-default\">\n\t\t\t\t\t<div class=\"elementor-column elementor-col-100 elementor-top-column elementor-element elementor-element-18cb83e\" data-id=\"18cb83e\" data-element_type=\"column\">\n\t\t\t<div class=\"elementor-widget-wrap elementor-element-populated\">\n\t\t\t\t\t\t<div class=\"elementor-element elementor-element-03b02bc elementor-widget elementor-widget-heading\" data-id=\"03b02bc\" data-element_type=\"widget\" data-widget_type=\"heading.default\">\n\t\t\t\t<div class=\"elementor-widget-container\">\n\t\t\t\t\t<h2 class=\"elementor-heading-title elementor-size-default\">1 DATA PROTECTION OVERVIEW<\/h2>\t\t\t\t<\/div>\n\t\t\t\t<\/div>\n\t\t\t\t<div class=\"elementor-element elementor-element-f448209 elementor-widget elementor-widget-text-editor\" data-id=\"f448209\" data-element_type=\"widget\" data-widget_type=\"text-editor.default\">\n\t\t\t\t<div class=\"elementor-widget-container\">\n\t\t\t\t\t\t\t\t\t<h2 class=\"fusion-responsive-typography-calculated\" data-fontsize=\"60\" data-lineheight=\"78px\">Details in accordance with \u00a7 5 TMG:<\/h2><p>RC Oranien Raptors e.V.<br \/>Sportplatz am Schloss<br \/><span style=\"color: var( --e-global-color-60123b9 );\">Parkstr. 1<br \/><\/span><span style=\"color: var( --e-global-color-60123b9 );\">16515 Oranienburg<\/span><\/p><h2 class=\"fusion-responsive-typography-calculated\" data-fontsize=\"60\" data-lineheight=\"78px\">Represtented by:<\/h2><p>1. Vorsitzenden Carsten Stamm<br \/>2. Vorsitzenden Andr\u00e9 Schumann<\/p><h2 class=\"fusion-responsive-typography-calculated\" data-fontsize=\"60\" data-lineheight=\"78px\">Contact:<\/h2><p>E-Mail: info@rc-oranien-raptors.de<\/p><h2 class=\"fusion-responsive-typography-calculated\" data-fontsize=\"60\" data-lineheight=\"78px\">Register entry:<\/h2><p>Entry in the Register of Associations<br \/>Registergericht: Amtsgericht Neuruppin<br \/>Register number: VR 5118<\/p><h2 class=\"fusion-responsive-typography-calculated\" data-fontsize=\"60\" data-lineheight=\"78px\">Angaben zur Haftpflichtversicherung<\/h2><p>Name and registered office of the insurer:<br \/>Hiscox Europe Limited<br \/>Arnulfstrasse 31<br \/>80636 Munich<\/p><p>Geltungsbereich der Versicherung: weltweit<\/p><h2 class=\"fusion-responsive-typography-calculated\" data-fontsize=\"60\" data-lineheight=\"78px\">Dispute settlement<\/h2><p>We are not willing or obliged to participate in dispute settlement proceedings before a consumer arbitration board<\/p><h3 class=\"fusion-responsive-typography-calculated\" data-fontsize=\"50\" data-lineheight=\"75px\">Liability for contents<\/h3><p>Als Diensteanbieter sind wir gem\u00e4\u00df \u00a7 7 Abs. 1 TMG f\u00fcr eigene Inhalte auf diesen Seiten nach den allgemeinen Gesetzen verantwortlich. Nach \u00a7\u00a7 8 bis 10 TMG sind wir als Diensteanbieter jedoch nicht verpflichtet, \u00fcbermittelte oder gespeicherte fremde Informationen zu \u00fcberwachen oder nach Umst\u00e4nden zu forschen, die auf eine rechtswidrige T\u00e4tigkeit hinweisen.<\/p><p>Obligations to remove or block the use of information under the general laws remain unaffected. However, liability in this regard is only possible from the point in time at which a concrete infringement of the law becomes known. If we become aware of such infringements, we remove this content immediately.<\/p><h3 class=\"fusion-responsive-typography-calculated\" data-fontsize=\"50\" data-lineheight=\"75px\">Liability for links<\/h3><p>Our website contains links to external websites of third parties, on whose content we have no influence. We cannot, therefore, assume any liability for this external content. The respective provider or operator of the pages is always responsible for the content of the linked pages. Linked pages rechecked for possible legal violations at the time of linking. No illegal contents were recognisable at the time of linking.<\/p><p>However, permanent control of the contents of the linked pages is not reasonable without concrete evidence of a violation of the law. If we become aware of any infringements, we will remove such links immediately.<\/p><h3 class=\"fusion-responsive-typography-calculated\" data-fontsize=\"50\" data-lineheight=\"75px\">Copyright<\/h3><p>The contents and works created by the site operators on these pages are subject to German copyright law. Duplication, processing, distribution, or any form of commercialization of such material beyond the scope of the copyright law shall require the prior written consent of its respective author or creator. Downloads and copies of this site are only permitted for private, non-commercial use.<\/p><p>Insofar as the content on this site was not created by the operator, the copyrights of third parties are respected. In particular, third-party content is identified as such. Should you nevertheless become aware of a copyright infringement, please inform us accordingly. If we become aware of any infringements, we will remove such content immediately.<\/p>\t\t\t\t\t\t\t\t<\/div>\n\t\t\t\t<\/div>\n\t\t\t\t\t<\/div>\n\t\t<\/div>\n\t\t\t\t\t<\/div>\n\t\t<\/section>\n\t\t\t\t<section class=\"elementor-section elementor-top-section elementor-element elementor-element-aafd902 elementor-section-boxed elementor-section-height-default elementor-section-height-default\" data-id=\"aafd902\" data-element_type=\"section\" data-settings=\"{&quot;background_background&quot;:&quot;classic&quot;}\">\n\t\t\t\t\t\t<div class=\"elementor-container elementor-column-gap-default\">\n\t\t\t\t\t<div class=\"elementor-column elementor-col-100 elementor-top-column elementor-element elementor-element-bcb056c\" data-id=\"bcb056c\" data-element_type=\"column\">\n\t\t\t<div class=\"elementor-widget-wrap elementor-element-populated\">\n\t\t\t\t\t\t<section class=\"elementor-section elementor-inner-section elementor-element elementor-element-63e68ba elementor-section-content-top elementor-section-boxed elementor-section-height-default elementor-section-height-default\" data-id=\"63e68ba\" data-element_type=\"section\">\n\t\t\t\t\t\t<div class=\"elementor-container elementor-column-gap-default\">\n\t\t\t\t\t<div class=\"elementor-column elementor-col-50 elementor-inner-column elementor-element elementor-element-06c2154\" data-id=\"06c2154\" data-element_type=\"column\">\n\t\t\t<div class=\"elementor-widget-wrap elementor-element-populated\">\n\t\t\t\t\t\t<div class=\"elementor-element elementor-element-b75e999 elementor-widget elementor-widget-image\" data-id=\"b75e999\" data-element_type=\"widget\" data-widget_type=\"image.default\">\n\t\t\t\t<div class=\"elementor-widget-container\">\n\t\t\t\t\t\t\t\t\t\t\t\t\t\t\t<img fetchpriority=\"high\" decoding=\"async\" width=\"729\" height=\"752\" src=\"https:\/\/rc-oranien-raptors.de\/wp-content\/uploads\/2022\/05\/raptor.png\" class=\"attachment-full size-full wp-image-99\" alt=\"\" srcset=\"https:\/\/rc-oranien-raptors.de\/wp-content\/uploads\/2022\/05\/raptor.png 729w, https:\/\/rc-oranien-raptors.de\/wp-content\/uploads\/2022\/05\/raptor-291x300.png 291w\" sizes=\"(max-width: 729px) 100vw, 729px\" \/>\t\t\t\t\t\t\t\t\t\t\t\t\t\t\t<\/div>\n\t\t\t\t<\/div>\n\t\t\t\t\t<\/div>\n\t\t<\/div>\n\t\t\t\t<div class=\"elementor-column elementor-col-50 elementor-inner-column elementor-element elementor-element-0febeed\" data-id=\"0febeed\" data-element_type=\"column\">\n\t\t\t<div class=\"elementor-widget-wrap elementor-element-populated\">\n\t\t\t\t\t\t<div class=\"elementor-element elementor-element-af45ade elementor-widget elementor-widget-heading\" data-id=\"af45ade\" data-element_type=\"widget\" data-widget_type=\"heading.default\">\n\t\t\t\t<div class=\"elementor-widget-container\">\n\t\t\t\t\t<h2 class=\"elementor-heading-title elementor-size-default\">come for a trial training session!<\/h2>\t\t\t\t<\/div>\n\t\t\t\t<\/div>\n\t\t\t\t<div class=\"elementor-element elementor-element-335d69d elementor-widget elementor-widget-text-editor\" data-id=\"335d69d\" data-element_type=\"widget\" data-widget_type=\"text-editor.default\">\n\t\t\t\t<div class=\"elementor-widget-container\">\n\t\t\t\t\t\t\t\t\t<p>Feeling curious? Come along and try a training session to get the feel of things! Any time, with no obligation to sign up.<\/p>\t\t\t\t\t\t\t\t<\/div>\n\t\t\t\t<\/div>\n\t\t\t\t<div class=\"elementor-element elementor-element-63de539 elementor-align-left boxshadow_cs elementor-widget elementor-widget-button\" data-id=\"63de539\" data-element_type=\"widget\" data-widget_type=\"button.default\">\n\t\t\t\t<div class=\"elementor-widget-container\">\n\t\t\t\t\t\t\t\t\t<div class=\"elementor-button-wrapper\">\n\t\t\t\t\t<a class=\"elementor-button elementor-button-link elementor-size-md\" href=\"https:\/\/rc-oranien-raptors.de\/en\/kontakt\/\">\n\t\t\t\t\t\t<span class=\"elementor-button-content-wrapper\">\n\t\t\t\t\t\t<span class=\"elementor-button-icon\">\n\t\t\t\t<i aria-hidden=\"true\" class=\"fas fa-arrow-right\"><\/i>\t\t\t<\/span>\n\t\t\t\t\t\t\t\t\t<span class=\"elementor-button-text\">sign up<\/span>\n\t\t\t\t\t<\/span>\n\t\t\t\t\t<\/a>\n\t\t\t\t<\/div>\n\t\t\t\t\t\t\t\t<\/div>\n\t\t\t\t<\/div>\n\t\t\t\t\t<\/div>\n\t\t<\/div>\n\t\t\t\t\t<\/div>\n\t\t<\/section>\n\t\t\t\t\t<\/div>\n\t\t<\/div>\n\t\t\t\t\t<\/div>\n\t\t<\/section>\n\t\t\t\t<\/div>","protected":false},"excerpt":{"rendered":"<p>Impressum 1. Datenschutz auf einen Blick Angaben gem\u00e4\u00df \u00a7 5 TMG: RC Oranien Raptors e.V.Sportplatz am SchlossParkstr. 116515 Oranienburg Vertreten durch: 1. Vorsitzenden Carsten Stamm2. Vorsitzenden Andr\u00e9 Schumann Kontakt: E-Mail: info@rc-oranien-raptors.de Registereintrag: Eintragung im Vereinsregister.Registergericht: Amtsgericht NeuruppinRegisternummer: VR 5118 Angaben zur Haftpflichtversicherung Name und Sitz des Versicherers:Hiscox Europe LimitedArnulfstra\u00dfe 3180636 M\u00fcnchen Geltungsbereich der Versicherung: weltweit [&hellip;]<\/p>","protected":false},"author":3,"featured_media":0,"parent":0,"menu_order":0,"comment_status":"closed","ping_status":"closed","template":"","meta":{"footnotes":""},"class_list":["post-1110","page","type-page","status-publish","hentry"],"yoast_head":"<!-- This site is optimized with the Yoast SEO plugin v25.9 - https:\/\/yoast.com\/wordpress\/plugins\/seo\/ -->\n<title>Impressum - Oranien Raptors - Der Rugbyclub in Oranienburg<\/title>\n<meta name=\"robots\" content=\"index, follow, max-snippet:-1, max-image-preview:large, max-video-preview:-1\" \/>\n<link rel=\"canonical\" href=\"https:\/\/rc-oranien-raptors.de\/en\/impressum\/\" \/>\n<meta property=\"og:locale\" content=\"en_US\" \/>\n<meta property=\"og:type\" content=\"article\" \/>\n<meta property=\"og:title\" content=\"Impressum - Oranien Raptors - Der Rugbyclub in Oranienburg\" \/>\n<meta property=\"og:description\" content=\"Impressum 1. Datenschutz auf einen Blick Angaben gem\u00e4\u00df \u00a7 5 TMG: RC Oranien Raptors e.V.Sportplatz am SchlossParkstr. 116515 Oranienburg Vertreten durch: 1. Vorsitzenden Carsten Stamm2. Vorsitzenden Andr\u00e9 Schumann Kontakt: E-Mail: info@rc-oranien-raptors.de Registereintrag: Eintragung im Vereinsregister.Registergericht: Amtsgericht NeuruppinRegisternummer: VR 5118 Angaben zur Haftpflichtversicherung Name und Sitz des Versicherers:Hiscox Europe LimitedArnulfstra\u00dfe 3180636 M\u00fcnchen Geltungsbereich der Versicherung: weltweit [&hellip;]\" \/>\n<meta property=\"og:url\" content=\"https:\/\/rc-oranien-raptors.de\/en\/impressum\/\" \/>\n<meta property=\"og:site_name\" content=\"Oranien Raptors - Der Rugbyclub in Oranienburg\" \/>\n<meta property=\"article:modified_time\" content=\"2025-11-11T11:52:08+00:00\" \/>\n<meta property=\"og:image\" content=\"https:\/\/rc-oranien-raptors.de\/wp-content\/uploads\/2022\/05\/raptor.png\" \/>\n\t<meta property=\"og:image:width\" content=\"729\" \/>\n\t<meta property=\"og:image:height\" content=\"752\" \/>\n\t<meta property=\"og:image:type\" content=\"image\/png\" \/>\n<meta name=\"twitter:card\" content=\"summary_large_image\" \/>\n<meta name=\"twitter:label1\" content=\"Est. reading time\" \/>\n\t<meta name=\"twitter:data1\" content=\"3 minutes\" \/>\n<script type=\"application\/ld+json\" class=\"yoast-schema-graph\">{\"@context\":\"https:\/\/schema.org\",\"@graph\":[{\"@type\":\"WebPage\",\"@id\":\"https:\/\/rc-oranien-raptors.de\/impressum\/\",\"url\":\"https:\/\/rc-oranien-raptors.de\/impressum\/\",\"name\":\"Impressum - Oranien Raptors - Der Rugbyclub in Oranienburg\",\"isPartOf\":{\"@id\":\"https:\/\/rc-oranien-raptors.de\/#website\"},\"primaryImageOfPage\":{\"@id\":\"https:\/\/rc-oranien-raptors.de\/impressum\/#primaryimage\"},\"image\":{\"@id\":\"https:\/\/rc-oranien-raptors.de\/impressum\/#primaryimage\"},\"thumbnailUrl\":\"https:\/\/rc-oranien-raptors.de\/wp-content\/uploads\/2022\/05\/raptor.png\",\"datePublished\":\"2022-06-20T18:19:14+00:00\",\"dateModified\":\"2025-11-11T11:52:08+00:00\",\"breadcrumb\":{\"@id\":\"https:\/\/rc-oranien-raptors.de\/impressum\/#breadcrumb\"},\"inLanguage\":\"en-US\",\"potentialAction\":[{\"@type\":\"ReadAction\",\"target\":[\"https:\/\/rc-oranien-raptors.de\/impressum\/\"]}]},{\"@type\":\"ImageObject\",\"inLanguage\":\"en-US\",\"@id\":\"https:\/\/rc-oranien-raptors.de\/impressum\/#primaryimage\",\"url\":\"https:\/\/rc-oranien-raptors.de\/wp-content\/uploads\/2022\/05\/raptor.png\",\"contentUrl\":\"https:\/\/rc-oranien-raptors.de\/wp-content\/uploads\/2022\/05\/raptor.png\"},{\"@type\":\"BreadcrumbList\",\"@id\":\"https:\/\/rc-oranien-raptors.de\/impressum\/#breadcrumb\",\"itemListElement\":[{\"@type\":\"ListItem\",\"position\":1,\"name\":\"Startseite\",\"item\":\"https:\/\/rc-oranien-raptors.de\/\"},{\"@type\":\"ListItem\",\"position\":2,\"name\":\"Impressum\"}]},{\"@type\":\"WebSite\",\"@id\":\"https:\/\/rc-oranien-raptors.de\/#website\",\"url\":\"https:\/\/rc-oranien-raptors.de\/\",\"name\":\"Oranien Raptors - Der Rugbyclub in Oranienburg\",\"description\":\"Oranien Raptors\",\"publisher\":{\"@id\":\"https:\/\/rc-oranien-raptors.de\/#organization\"},\"potentialAction\":[{\"@type\":\"SearchAction\",\"target\":{\"@type\":\"EntryPoint\",\"urlTemplate\":\"https:\/\/rc-oranien-raptors.de\/?s={search_term_string}\"},\"query-input\":{\"@type\":\"PropertyValueSpecification\",\"valueRequired\":true,\"valueName\":\"search_term_string\"}}],\"inLanguage\":\"en-US\"},{\"@type\":\"Organization\",\"@id\":\"https:\/\/rc-oranien-raptors.de\/#organization\",\"name\":\"Oranien Raptors - Der Rugbyclub in Oranienburg\",\"url\":\"https:\/\/rc-oranien-raptors.de\/\",\"logo\":{\"@type\":\"ImageObject\",\"inLanguage\":\"en-US\",\"@id\":\"https:\/\/rc-oranien-raptors.de\/#\/schema\/logo\/image\/\",\"url\":\"https:\/\/rc-oranien-raptors.de\/wp-content\/uploads\/2022\/05\/oranienRaptorsLogo.png\",\"contentUrl\":\"https:\/\/rc-oranien-raptors.de\/wp-content\/uploads\/2022\/05\/oranienRaptorsLogo.png\",\"width\":643,\"height\":443,\"caption\":\"Oranien Raptors - Der Rugbyclub in Oranienburg\"},\"image\":{\"@id\":\"https:\/\/rc-oranien-raptors.de\/#\/schema\/logo\/image\/\"}}]}<\/script>\n<!-- \/ Yoast SEO plugin. -->","yoast_head_json":{"title":"Impressum - Oranien Raptors - Der Rugbyclub in Oranienburg","robots":{"index":"index","follow":"follow","max-snippet":"max-snippet:-1","max-image-preview":"max-image-preview:large","max-video-preview":"max-video-preview:-1"},"canonical":"https:\/\/rc-oranien-raptors.de\/en\/impressum\/","og_locale":"en_US","og_type":"article","og_title":"Impressum - Oranien Raptors - Der Rugbyclub in Oranienburg","og_description":"Impressum 1. Datenschutz auf einen Blick Angaben gem\u00e4\u00df \u00a7 5 TMG: RC Oranien Raptors e.V.Sportplatz am SchlossParkstr. 116515 Oranienburg Vertreten durch: 1. Vorsitzenden Carsten Stamm2. Vorsitzenden Andr\u00e9 Schumann Kontakt: E-Mail: info@rc-oranien-raptors.de Registereintrag: Eintragung im Vereinsregister.Registergericht: Amtsgericht NeuruppinRegisternummer: VR 5118 Angaben zur Haftpflichtversicherung Name und Sitz des Versicherers:Hiscox Europe LimitedArnulfstra\u00dfe 3180636 M\u00fcnchen Geltungsbereich der Versicherung: weltweit [&hellip;]","og_url":"https:\/\/rc-oranien-raptors.de\/en\/impressum\/","og_site_name":"Oranien Raptors - Der Rugbyclub in Oranienburg","article_modified_time":"2025-11-11T11:52:08+00:00","og_image":[{"width":729,"height":752,"url":"https:\/\/rc-oranien-raptors.de\/wp-content\/uploads\/2022\/05\/raptor.png","type":"image\/png"}],"twitter_card":"summary_large_image","twitter_misc":{"Est. reading time":"3 minutes"},"schema":{"@context":"https:\/\/schema.org","@graph":[{"@type":"WebPage","@id":"https:\/\/rc-oranien-raptors.de\/impressum\/","url":"https:\/\/rc-oranien-raptors.de\/impressum\/","name":"Impressum - Oranien Raptors - Der Rugbyclub in Oranienburg","isPartOf":{"@id":"https:\/\/rc-oranien-raptors.de\/#website"},"primaryImageOfPage":{"@id":"https:\/\/rc-oranien-raptors.de\/impressum\/#primaryimage"},"image":{"@id":"https:\/\/rc-oranien-raptors.de\/impressum\/#primaryimage"},"thumbnailUrl":"https:\/\/rc-oranien-raptors.de\/wp-content\/uploads\/2022\/05\/raptor.png","datePublished":"2022-06-20T18:19:14+00:00","dateModified":"2025-11-11T11:52:08+00:00","breadcrumb":{"@id":"https:\/\/rc-oranien-raptors.de\/impressum\/#breadcrumb"},"inLanguage":"en-US","potentialAction":[{"@type":"ReadAction","target":["https:\/\/rc-oranien-raptors.de\/impressum\/"]}]},{"@type":"ImageObject","inLanguage":"en-US","@id":"https:\/\/rc-oranien-raptors.de\/impressum\/#primaryimage","url":"https:\/\/rc-oranien-raptors.de\/wp-content\/uploads\/2022\/05\/raptor.png","contentUrl":"https:\/\/rc-oranien-raptors.de\/wp-content\/uploads\/2022\/05\/raptor.png"},{"@type":"BreadcrumbList","@id":"https:\/\/rc-oranien-raptors.de\/impressum\/#breadcrumb","itemListElement":[{"@type":"ListItem","position":1,"name":"Startseite","item":"https:\/\/rc-oranien-raptors.de\/"},{"@type":"ListItem","position":2,"name":"Impressum"}]},{"@type":"WebSite","@id":"https:\/\/rc-oranien-raptors.de\/#website","url":"https:\/\/rc-oranien-raptors.de\/","name":"Oranien Raptors - Der Rugbyclub in Oranienburg","description":"Oranien Raptors","publisher":{"@id":"https:\/\/rc-oranien-raptors.de\/#organization"},"potentialAction":[{"@type":"SearchAction","target":{"@type":"EntryPoint","urlTemplate":"https:\/\/rc-oranien-raptors.de\/?s={search_term_string}"},"query-input":{"@type":"PropertyValueSpecification","valueRequired":true,"valueName":"search_term_string"}}],"inLanguage":"en-US"},{"@type":"Organization","@id":"https:\/\/rc-oranien-raptors.de\/#organization","name":"Oranien Raptors - Der Rugbyclub in Oranienburg","url":"https:\/\/rc-oranien-raptors.de\/","logo":{"@type":"ImageObject","inLanguage":"en-US","@id":"https:\/\/rc-oranien-raptors.de\/#\/schema\/logo\/image\/","url":"https:\/\/rc-oranien-raptors.de\/wp-content\/uploads\/2022\/05\/oranienRaptorsLogo.png","contentUrl":"https:\/\/rc-oranien-raptors.de\/wp-content\/uploads\/2022\/05\/oranienRaptorsLogo.png","width":643,"height":443,"caption":"Oranien Raptors - Der Rugbyclub in Oranienburg"},"image":{"@id":"https:\/\/rc-oranien-raptors.de\/#\/schema\/logo\/image\/"}}]}},"_links":{"self":[{"href":"https:\/\/rc-oranien-raptors.de\/en\/wp-json\/wp\/v2\/pages\/1110","targetHints":{"allow":["GET"]}}],"collection":[{"href":"https:\/\/rc-oranien-raptors.de\/en\/wp-json\/wp\/v2\/pages"}],"about":[{"href":"https:\/\/rc-oranien-raptors.de\/en\/wp-json\/wp\/v2\/types\/page"}],"author":[{"embeddable":true,"href":"https:\/\/rc-oranien-raptors.de\/en\/wp-json\/wp\/v2\/users\/3"}],"replies":[{"embeddable":true,"href":"https:\/\/rc-oranien-raptors.de\/en\/wp-json\/wp\/v2\/comments?post=1110"}],"version-history":[{"count":10,"href":"https:\/\/rc-oranien-raptors.de\/en\/wp-json\/wp\/v2\/pages\/1110\/revisions"}],"predecessor-version":[{"id":3575,"href":"https:\/\/rc-oranien-raptors.de\/en\/wp-json\/wp\/v2\/pages\/1110\/revisions\/3575"}],"wp:attachment":[{"href":"https:\/\/rc-oranien-raptors.de\/en\/wp-json\/wp\/v2\/media?parent=1110"}],"curies":[{"name":"wp","href":"https:\/\/api.w.org\/{rel}","templated":true}]}}